{"id":2326,"date":"2023-08-16T07:38:24","date_gmt":"2023-08-16T06:38:24","guid":{"rendered":"http:\/\/pffs.de\/?page_id=2326"},"modified":"2023-08-20T13:30:58","modified_gmt":"2023-08-20T12:30:58","slug":"streicher-automuseum-lalling","status":"publish","type":"page","link":"https:\/\/pffs.de\/?page_id=2326","title":{"rendered":"Streicher Automuseum Lalling 15.8.2023"},"content":{"rendered":"\n<p>Am 15.8. machten wir uns mit 12 911ern auf den Weg in den Bayrischen Wald. Erste Station war der D\u00fcllhof zum Mittagessen, dann ging\u2019s weiter zum Streicher Automuseeum. \u00dcber die Landstra\u00dfe fuhren wir dann \u00fcber Hengersberg, Osterhofen, Frontenhausen und Geisenhausen zum gemeinsamen Abendessen zum Mooswirt. Unvergesslich die Ehrenrunde um den Franz Eberhofer Kreisel<\/p>\n\n\n\n<figure class=\"wp-block-gallery has-nested-images columns-default is-cropped wp-block-gallery-1 is-layout-flex wp-block-gallery-is-layout-flex\"><\/figure>\n\n\n\n<p>Vielen Dank unserem Blank Hans f\u00fcr die Auswahl und Organisation<\/p>\n\n\n\n\n\n<figure class=\"wp-block-gallery has-nested-images columns-default is-cropped wp-block-gallery-2 is-layout-flex wp-block-gallery-is-layout-flex\">\n<figure class=\"wp-block-image size-large\"><img loading=\"lazy\" decoding=\"async\" width=\"768\" height=\"1024\" data-id=\"2330\" src=\"http:\/\/pffs.de\/wp-content\/uploads\/2023\/08\/877d7222-5262-494a-88e6-aeac60f1ba5f.jpeg\" alt=\"\" class=\"wp-image-2330\" srcset=\"https:\/\/pffs.de\/wp-content\/uploads\/2023\/08\/877d7222-5262-494a-88e6-aeac60f1ba5f.jpeg 768w, https:\/\/pffs.de\/wp-content\/uploads\/2023\/08\/877d7222-5262-494a-88e6-aeac60f1ba5f-225x300.jpeg 225w\" sizes=\"(max-width: 767px) 89vw, (max-width: 1000px) 54vw, (max-width: 1071px) 543px, 580px\" \/><\/figure>\n\n\n\n<figure class=\"wp-block-image size-large\"><img loading=\"lazy\" decoding=\"async\" width=\"768\" height=\"1024\" data-id=\"2327\" src=\"http:\/\/pffs.de\/wp-content\/uploads\/2023\/08\/5a59b8d0-3624-4c2f-aee4-74b3ac6318fe.jpeg\" alt=\"\" class=\"wp-image-2327\" srcset=\"https:\/\/pffs.de\/wp-content\/uploads\/2023\/08\/5a59b8d0-3624-4c2f-aee4-74b3ac6318fe.jpeg 768w, https:\/\/pffs.de\/wp-content\/uploads\/2023\/08\/5a59b8d0-3624-4c2f-aee4-74b3ac6318fe-225x300.jpeg 225w\" sizes=\"(max-width: 767px) 89vw, (max-width: 1000px) 54vw, (max-width: 1071px) 543px, 580px\" \/><\/figure>\n\n\n\n<figure class=\"wp-block-image size-large\"><img loading=\"lazy\" decoding=\"async\" width=\"768\" height=\"1024\" data-id=\"2329\" src=\"http:\/\/pffs.de\/wp-content\/uploads\/2023\/08\/482a0ac9-b6e3-495c-ad57-8de757b334da.jpeg\" alt=\"\" class=\"wp-image-2329\" srcset=\"https:\/\/pffs.de\/wp-content\/uploads\/2023\/08\/482a0ac9-b6e3-495c-ad57-8de757b334da.jpeg 768w, https:\/\/pffs.de\/wp-content\/uploads\/2023\/08\/482a0ac9-b6e3-495c-ad57-8de757b334da-225x300.jpeg 225w\" sizes=\"(max-width: 767px) 89vw, (max-width: 1000px) 54vw, (max-width: 1071px) 543px, 580px\" \/><\/figure>\n\n\n\n<figure class=\"wp-block-image size-large\"><img loading=\"lazy\" decoding=\"async\" width=\"1024\" height=\"768\" data-id=\"2328\" src=\"http:\/\/pffs.de\/wp-content\/uploads\/2023\/08\/3cafae40-ccc3-45c8-8bcb-2b75073d3660.jpeg\" alt=\"\" class=\"wp-image-2328\" srcset=\"https:\/\/pffs.de\/wp-content\/uploads\/2023\/08\/3cafae40-ccc3-45c8-8bcb-2b75073d3660.jpeg 1024w, https:\/\/pffs.de\/wp-content\/uploads\/2023\/08\/3cafae40-ccc3-45c8-8bcb-2b75073d3660-300x225.jpeg 300w, https:\/\/pffs.de\/wp-content\/uploads\/2023\/08\/3cafae40-ccc3-45c8-8bcb-2b75073d3660-768x576.jpeg 768w\" sizes=\"(max-width: 767px) 89vw, (max-width: 1000px) 54vw, (max-width: 1071px) 543px, 580px\" \/><\/figure>\n\n\n\n<figure class=\"wp-block-image size-large\"><img loading=\"lazy\" decoding=\"async\" width=\"1024\" height=\"768\" data-id=\"2332\" src=\"http:\/\/pffs.de\/wp-content\/uploads\/2023\/08\/63efd05e-be89-4fc0-a5e9-322a80ab0f0a.jpeg\" alt=\"\" class=\"wp-image-2332\" srcset=\"https:\/\/pffs.de\/wp-content\/uploads\/2023\/08\/63efd05e-be89-4fc0-a5e9-322a80ab0f0a.jpeg 1024w, https:\/\/pffs.de\/wp-content\/uploads\/2023\/08\/63efd05e-be89-4fc0-a5e9-322a80ab0f0a-300x225.jpeg 300w, https:\/\/pffs.de\/wp-content\/uploads\/2023\/08\/63efd05e-be89-4fc0-a5e9-322a80ab0f0a-768x576.jpeg 768w\" sizes=\"(max-width: 767px) 89vw, (max-width: 1000px) 54vw, (max-width: 1071px) 543px, 580px\" \/><\/figure>\n\n\n\n<figure class=\"wp-block-image size-large\"><img loading=\"lazy\" decoding=\"async\" width=\"1024\" height=\"768\" data-id=\"2331\" src=\"http:\/\/pffs.de\/wp-content\/uploads\/2023\/08\/6c1bf56c-41d3-41ce-ad80-ec1e891fe450.jpeg\" alt=\"\" class=\"wp-image-2331\" srcset=\"https:\/\/pffs.de\/wp-content\/uploads\/2023\/08\/6c1bf56c-41d3-41ce-ad80-ec1e891fe450.jpeg 1024w, https:\/\/pffs.de\/wp-content\/uploads\/2023\/08\/6c1bf56c-41d3-41ce-ad80-ec1e891fe450-300x225.jpeg 300w, https:\/\/pffs.de\/wp-content\/uploads\/2023\/08\/6c1bf56c-41d3-41ce-ad80-ec1e891fe450-768x576.jpeg 768w\" sizes=\"(max-width: 767px) 89vw, (max-width: 1000px) 54vw, (max-width: 1071px) 543px, 580px\" \/><\/figure>\n\n\n\n<figure class=\"wp-block-image size-large\"><img loading=\"lazy\" decoding=\"async\" width=\"1024\" height=\"768\" data-id=\"2333\" src=\"http:\/\/pffs.de\/wp-content\/uploads\/2023\/08\/f4387f0d-c2a0-4e87-b07a-47d7f0af0c14.jpeg\" alt=\"\" class=\"wp-image-2333\" srcset=\"https:\/\/pffs.de\/wp-content\/uploads\/2023\/08\/f4387f0d-c2a0-4e87-b07a-47d7f0af0c14.jpeg 1024w, https:\/\/pffs.de\/wp-content\/uploads\/2023\/08\/f4387f0d-c2a0-4e87-b07a-47d7f0af0c14-300x225.jpeg 300w, https:\/\/pffs.de\/wp-content\/uploads\/2023\/08\/f4387f0d-c2a0-4e87-b07a-47d7f0af0c14-768x576.jpeg 768w\" sizes=\"(max-width: 767px) 89vw, (max-width: 1000px) 54vw, (max-width: 1071px) 543px, 580px\" \/><\/figure>\n\n\n\n<figure class=\"wp-block-image size-large\"><img loading=\"lazy\" decoding=\"async\" width=\"1024\" height=\"768\" data-id=\"2337\" src=\"http:\/\/pffs.de\/wp-content\/uploads\/2023\/08\/15bff4cc-b40f-464d-b0d0-dd593185761b.jpeg\" alt=\"\" class=\"wp-image-2337\" srcset=\"https:\/\/pffs.de\/wp-content\/uploads\/2023\/08\/15bff4cc-b40f-464d-b0d0-dd593185761b.jpeg 1024w, https:\/\/pffs.de\/wp-content\/uploads\/2023\/08\/15bff4cc-b40f-464d-b0d0-dd593185761b-300x225.jpeg 300w, https:\/\/pffs.de\/wp-content\/uploads\/2023\/08\/15bff4cc-b40f-464d-b0d0-dd593185761b-768x576.jpeg 768w\" sizes=\"(max-width: 767px) 89vw, (max-width: 1000px) 54vw, (max-width: 1071px) 543px, 580px\" \/><\/figure>\n\n\n\n<figure class=\"wp-block-image size-large\"><img loading=\"lazy\" decoding=\"async\" width=\"1024\" height=\"768\" data-id=\"2334\" src=\"http:\/\/pffs.de\/wp-content\/uploads\/2023\/08\/ecfcb6cd-36d3-474f-83f6-6d98799c4f85.jpeg\" alt=\"\" class=\"wp-image-2334\" srcset=\"https:\/\/pffs.de\/wp-content\/uploads\/2023\/08\/ecfcb6cd-36d3-474f-83f6-6d98799c4f85.jpeg 1024w, https:\/\/pffs.de\/wp-content\/uploads\/2023\/08\/ecfcb6cd-36d3-474f-83f6-6d98799c4f85-300x225.jpeg 300w, https:\/\/pffs.de\/wp-content\/uploads\/2023\/08\/ecfcb6cd-36d3-474f-83f6-6d98799c4f85-768x576.jpeg 768w\" sizes=\"(max-width: 767px) 89vw, (max-width: 1000px) 54vw, (max-width: 1071px) 543px, 580px\" \/><\/figure>\n\n\n\n<figure class=\"wp-block-image size-large\"><img loading=\"lazy\" decoding=\"async\" width=\"768\" height=\"1024\" data-id=\"2335\" src=\"http:\/\/pffs.de\/wp-content\/uploads\/2023\/08\/3f5772db-7bf4-493b-ad9f-b92ad3597e51.jpeg\" alt=\"\" class=\"wp-image-2335\" srcset=\"https:\/\/pffs.de\/wp-content\/uploads\/2023\/08\/3f5772db-7bf4-493b-ad9f-b92ad3597e51.jpeg 768w, https:\/\/pffs.de\/wp-content\/uploads\/2023\/08\/3f5772db-7bf4-493b-ad9f-b92ad3597e51-225x300.jpeg 225w\" sizes=\"(max-width: 767px) 89vw, (max-width: 1000px) 54vw, (max-width: 1071px) 543px, 580px\" \/><\/figure>\n\n\n\n<figure class=\"wp-block-image size-large\"><img loading=\"lazy\" decoding=\"async\" width=\"1024\" height=\"768\" data-id=\"2336\" src=\"http:\/\/pffs.de\/wp-content\/uploads\/2023\/08\/e5f1d8e4-99b8-4987-b37b-8843a156aa83.jpeg\" alt=\"\" class=\"wp-image-2336\" srcset=\"https:\/\/pffs.de\/wp-content\/uploads\/2023\/08\/e5f1d8e4-99b8-4987-b37b-8843a156aa83.jpeg 1024w, https:\/\/pffs.de\/wp-content\/uploads\/2023\/08\/e5f1d8e4-99b8-4987-b37b-8843a156aa83-300x225.jpeg 300w, https:\/\/pffs.de\/wp-content\/uploads\/2023\/08\/e5f1d8e4-99b8-4987-b37b-8843a156aa83-768x576.jpeg 768w\" sizes=\"(max-width: 767px) 89vw, (max-width: 1000px) 54vw, (max-width: 1071px) 543px, 580px\" \/><\/figure>\n\n\n\n<figure class=\"wp-block-image size-large\"><img loading=\"lazy\" decoding=\"async\" width=\"768\" height=\"1024\" data-id=\"2341\" src=\"http:\/\/pffs.de\/wp-content\/uploads\/2023\/08\/IMG_1973-768x1024.jpeg\" alt=\"\" class=\"wp-image-2341\" srcset=\"https:\/\/pffs.de\/wp-content\/uploads\/2023\/08\/IMG_1973-768x1024.jpeg 768w, https:\/\/pffs.de\/wp-content\/uploads\/2023\/08\/IMG_1973-225x300.jpeg 225w, https:\/\/pffs.de\/wp-content\/uploads\/2023\/08\/IMG_1973-1152x1536.jpeg 1152w, https:\/\/pffs.de\/wp-content\/uploads\/2023\/08\/IMG_1973-1536x2048.jpeg 1536w, https:\/\/pffs.de\/wp-content\/uploads\/2023\/08\/IMG_1973-scaled.jpeg 1920w\" sizes=\"(max-width: 767px) 89vw, (max-width: 1000px) 54vw, (max-width: 1071px) 543px, 580px\" \/><\/figure>\n\n\n\n<figure class=\"wp-block-image size-large\"><img loading=\"lazy\" decoding=\"async\" width=\"1024\" height=\"768\" data-id=\"2342\" src=\"http:\/\/pffs.de\/wp-content\/uploads\/2023\/08\/IMG_1972-1024x768.jpeg\" alt=\"\" class=\"wp-image-2342\" srcset=\"https:\/\/pffs.de\/wp-content\/uploads\/2023\/08\/IMG_1972-1024x768.jpeg 1024w, https:\/\/pffs.de\/wp-content\/uploads\/2023\/08\/IMG_1972-300x225.jpeg 300w, https:\/\/pffs.de\/wp-content\/uploads\/2023\/08\/IMG_1972-768x576.jpeg 768w, https:\/\/pffs.de\/wp-content\/uploads\/2023\/08\/IMG_1972-1536x1152.jpeg 1536w, https:\/\/pffs.de\/wp-content\/uploads\/2023\/08\/IMG_1972-2048x1536.jpeg 2048w\" sizes=\"(max-width: 767px) 89vw, (max-width: 1000px) 54vw, (max-width: 1071px) 543px, 580px\" \/><\/figure>\n\n\n\n<figure class=\"wp-block-image size-large\"><img loading=\"lazy\" decoding=\"async\" width=\"1024\" height=\"768\" data-id=\"2343\" src=\"http:\/\/pffs.de\/wp-content\/uploads\/2023\/08\/IMG_1969-1024x768.jpeg\" alt=\"\" class=\"wp-image-2343\" srcset=\"https:\/\/pffs.de\/wp-content\/uploads\/2023\/08\/IMG_1969-1024x768.jpeg 1024w, https:\/\/pffs.de\/wp-content\/uploads\/2023\/08\/IMG_1969-300x225.jpeg 300w, https:\/\/pffs.de\/wp-content\/uploads\/2023\/08\/IMG_1969-768x576.jpeg 768w, https:\/\/pffs.de\/wp-content\/uploads\/2023\/08\/IMG_1969-1536x1152.jpeg 1536w, https:\/\/pffs.de\/wp-content\/uploads\/2023\/08\/IMG_1969-2048x1536.jpeg 2048w\" sizes=\"(max-width: 767px) 89vw, (max-width: 1000px) 54vw, (max-width: 1071px) 543px, 580px\" \/><\/figure>\n\n\n\n<figure class=\"wp-block-image size-large\"><img loading=\"lazy\" decoding=\"async\" width=\"768\" height=\"1024\" data-id=\"2338\" src=\"http:\/\/pffs.de\/wp-content\/uploads\/2023\/08\/IMG_1967-768x1024.jpeg\" alt=\"\" class=\"wp-image-2338\" srcset=\"https:\/\/pffs.de\/wp-content\/uploads\/2023\/08\/IMG_1967-768x1024.jpeg 768w, https:\/\/pffs.de\/wp-content\/uploads\/2023\/08\/IMG_1967-225x300.jpeg 225w, https:\/\/pffs.de\/wp-content\/uploads\/2023\/08\/IMG_1967-1152x1536.jpeg 1152w, https:\/\/pffs.de\/wp-content\/uploads\/2023\/08\/IMG_1967-1536x2048.jpeg 1536w, https:\/\/pffs.de\/wp-content\/uploads\/2023\/08\/IMG_1967-scaled.jpeg 1920w\" sizes=\"(max-width: 767px) 89vw, (max-width: 1000px) 54vw, (max-width: 1071px) 543px, 580px\" \/><\/figure>\n\n\n\n<figure class=\"wp-block-image size-large\"><img loading=\"lazy\" decoding=\"async\" width=\"768\" height=\"1024\" data-id=\"2340\" src=\"http:\/\/pffs.de\/wp-content\/uploads\/2023\/08\/IMG_1965-768x1024.jpeg\" alt=\"\" class=\"wp-image-2340\" srcset=\"https:\/\/pffs.de\/wp-content\/uploads\/2023\/08\/IMG_1965-768x1024.jpeg 768w, https:\/\/pffs.de\/wp-content\/uploads\/2023\/08\/IMG_1965-225x300.jpeg 225w, https:\/\/pffs.de\/wp-content\/uploads\/2023\/08\/IMG_1965-1152x1536.jpeg 1152w, https:\/\/pffs.de\/wp-content\/uploads\/2023\/08\/IMG_1965-1536x2048.jpeg 1536w, https:\/\/pffs.de\/wp-content\/uploads\/2023\/08\/IMG_1965-scaled.jpeg 1920w\" sizes=\"(max-width: 767px) 89vw, (max-width: 1000px) 54vw, (max-width: 1071px) 543px, 580px\" \/><\/figure>\n\n\n\n<figure class=\"wp-block-image size-large\"><img loading=\"lazy\" decoding=\"async\" width=\"768\" height=\"1024\" data-id=\"2339\" src=\"http:\/\/pffs.de\/wp-content\/uploads\/2023\/08\/IMG_1963-768x1024.jpeg\" alt=\"\" class=\"wp-image-2339\" srcset=\"https:\/\/pffs.de\/wp-content\/uploads\/2023\/08\/IMG_1963-768x1024.jpeg 768w, https:\/\/pffs.de\/wp-content\/uploads\/2023\/08\/IMG_1963-225x300.jpeg 225w, https:\/\/pffs.de\/wp-content\/uploads\/2023\/08\/IMG_1963-1152x1536.jpeg 1152w, https:\/\/pffs.de\/wp-content\/uploads\/2023\/08\/IMG_1963-1536x2048.jpeg 1536w, https:\/\/pffs.de\/wp-content\/uploads\/2023\/08\/IMG_1963-scaled.jpeg 1920w\" sizes=\"(max-width: 767px) 89vw, (max-width: 1000px) 54vw, (max-width: 1071px) 543px, 580px\" \/><\/figure>\n\n\n\n<figure class=\"wp-block-image size-large\"><img loading=\"lazy\" decoding=\"async\" width=\"768\" height=\"1024\" data-id=\"2344\" src=\"http:\/\/pffs.de\/wp-content\/uploads\/2023\/08\/IMG_1957-768x1024.jpeg\" alt=\"\" class=\"wp-image-2344\" srcset=\"https:\/\/pffs.de\/wp-content\/uploads\/2023\/08\/IMG_1957-768x1024.jpeg 768w, https:\/\/pffs.de\/wp-content\/uploads\/2023\/08\/IMG_1957-225x300.jpeg 225w, https:\/\/pffs.de\/wp-content\/uploads\/2023\/08\/IMG_1957-1152x1536.jpeg 1152w, https:\/\/pffs.de\/wp-content\/uploads\/2023\/08\/IMG_1957-1536x2048.jpeg 1536w, https:\/\/pffs.de\/wp-content\/uploads\/2023\/08\/IMG_1957-scaled.jpeg 1920w\" sizes=\"(max-width: 767px) 89vw, (max-width: 1000px) 54vw, (max-width: 1071px) 543px, 580px\" \/><\/figure>\n<\/figure>\n","protected":false},"excerpt":{"rendered":"<p>Am 15.8. machten wir uns mit 12 911ern auf den Weg in den Bayrischen Wald. Erste Station war der D\u00fcllhof zum Mittagessen, dann ging\u2019s weiter zum Streicher Automuseeum. \u00dcber die Landstra\u00dfe fuhren wir dann \u00fcber Hengersberg, Osterhofen, Frontenhausen und Geisenhausen zum gemeinsamen Abendessen zum Mooswirt. Unvergesslich die Ehrenrunde um den Franz Eberhofer Kreisel Vielen Dank &hellip; <\/p>\n<p class=\"link-more\"><a href=\"https:\/\/pffs.de\/?page_id=2326\" class=\"more-link\"><span class=\"screen-reader-text\">\u201eStreicher Automuseum Lalling 15.8.2023\u201c<\/span> weiterlesen<\/a><\/p>\n","protected":false},"author":3,"featured_media":0,"parent":0,"menu_order":0,"comment_status":"closed","ping_status":"closed","template":"","meta":{"footnotes":""},"yoast_head":"<!-- This site is optimized with the Yoast SEO plugin v23.5 - https:\/\/yoast.com\/wordpress\/plugins\/seo\/ -->\n<title>Streicher Automuseum Lalling 15.8.2023 - Porsche Freunde Freising<\/title>\n<meta name=\"robots\" content=\"index, follow, max-snippet:-1, max-image-preview:large, max-video-preview:-1\" \/>\n<link rel=\"canonical\" href=\"https:\/\/pffs.de\/?page_id=2326\" \/>\n<meta property=\"og:locale\" content=\"de_DE\" \/>\n<meta property=\"og:type\" content=\"article\" \/>\n<meta property=\"og:title\" content=\"Streicher Automuseum Lalling 15.8.2023 - Porsche Freunde Freising\" \/>\n<meta property=\"og:description\" content=\"Am 15.8. machten wir uns mit 12 911ern auf den Weg in den Bayrischen Wald. Erste Station war der D\u00fcllhof zum Mittagessen, dann ging\u2019s weiter zum Streicher Automuseeum. \u00dcber die Landstra\u00dfe fuhren wir dann \u00fcber Hengersberg, Osterhofen, Frontenhausen und Geisenhausen zum gemeinsamen Abendessen zum Mooswirt. Unvergesslich die Ehrenrunde um den Franz Eberhofer Kreisel Vielen Dank &hellip; \u201eStreicher Automuseum Lalling 15.8.2023\u201c weiterlesen\" \/>\n<meta property=\"og:url\" content=\"https:\/\/pffs.de\/?page_id=2326\" \/>\n<meta property=\"og:site_name\" content=\"Porsche Freunde Freising\" \/>\n<meta property=\"article:modified_time\" content=\"2023-08-20T12:30:58+00:00\" \/>\n<meta property=\"og:image\" content=\"http:\/\/pffs.de\/wp-content\/uploads\/2023\/08\/877d7222-5262-494a-88e6-aeac60f1ba5f.jpeg\" \/>\n<meta name=\"twitter:card\" content=\"summary_large_image\" \/>\n<script type=\"application\/ld+json\" class=\"yoast-schema-graph\">{\"@context\":\"https:\/\/schema.org\",\"@graph\":[{\"@type\":\"WebPage\",\"@id\":\"https:\/\/pffs.de\/?page_id=2326\",\"url\":\"https:\/\/pffs.de\/?page_id=2326\",\"name\":\"Streicher Automuseum Lalling 15.8.2023 - Porsche Freunde Freising\",\"isPartOf\":{\"@id\":\"http:\/\/pffs.de\/#website\"},\"primaryImageOfPage\":{\"@id\":\"https:\/\/pffs.de\/?page_id=2326#primaryimage\"},\"image\":{\"@id\":\"https:\/\/pffs.de\/?page_id=2326#primaryimage\"},\"thumbnailUrl\":\"http:\/\/pffs.de\/wp-content\/uploads\/2023\/08\/877d7222-5262-494a-88e6-aeac60f1ba5f.jpeg\",\"datePublished\":\"2023-08-16T06:38:24+00:00\",\"dateModified\":\"2023-08-20T12:30:58+00:00\",\"breadcrumb\":{\"@id\":\"https:\/\/pffs.de\/?page_id=2326#breadcrumb\"},\"inLanguage\":\"de\",\"potentialAction\":[{\"@type\":\"ReadAction\",\"target\":[\"https:\/\/pffs.de\/?page_id=2326\"]}]},{\"@type\":\"ImageObject\",\"inLanguage\":\"de\",\"@id\":\"https:\/\/pffs.de\/?page_id=2326#primaryimage\",\"url\":\"https:\/\/pffs.de\/wp-content\/uploads\/2023\/08\/877d7222-5262-494a-88e6-aeac60f1ba5f.jpeg\",\"contentUrl\":\"https:\/\/pffs.de\/wp-content\/uploads\/2023\/08\/877d7222-5262-494a-88e6-aeac60f1ba5f.jpeg\",\"width\":768,\"height\":1024},{\"@type\":\"BreadcrumbList\",\"@id\":\"https:\/\/pffs.de\/?page_id=2326#breadcrumb\",\"itemListElement\":[{\"@type\":\"ListItem\",\"position\":1,\"name\":\"Startseite\",\"item\":\"http:\/\/pffs.de\/\"},{\"@type\":\"ListItem\",\"position\":2,\"name\":\"Streicher Automuseum Lalling 15.8.2023\"}]},{\"@type\":\"WebSite\",\"@id\":\"http:\/\/pffs.de\/#website\",\"url\":\"http:\/\/pffs.de\/\",\"name\":\"Porsche Freunde Freising\",\"description\":\"Der Treff f\u00fcr den klassischen Porsche\",\"publisher\":{\"@id\":\"http:\/\/pffs.de\/#organization\"},\"potentialAction\":[{\"@type\":\"SearchAction\",\"target\":{\"@type\":\"EntryPoint\",\"urlTemplate\":\"http:\/\/pffs.de\/?s={search_term_string}\"},\"query-input\":{\"@type\":\"PropertyValueSpecification\",\"valueRequired\":true,\"valueName\":\"search_term_string\"}}],\"inLanguage\":\"de\"},{\"@type\":\"Organization\",\"@id\":\"http:\/\/pffs.de\/#organization\",\"name\":\"Porsche Freunde Freising\",\"url\":\"http:\/\/pffs.de\/\",\"logo\":{\"@type\":\"ImageObject\",\"inLanguage\":\"de\",\"@id\":\"http:\/\/pffs.de\/#\/schema\/logo\/image\/\",\"url\":\"http:\/\/pffs.de\/wp-content\/uploads\/2022\/02\/5D082450-7B00-4A88-BB9C-724D881E38DE.jpeg\",\"contentUrl\":\"http:\/\/pffs.de\/wp-content\/uploads\/2022\/02\/5D082450-7B00-4A88-BB9C-724D881E38DE.jpeg\",\"width\":1170,\"height\":1670,\"caption\":\"Porsche Freunde Freising\"},\"image\":{\"@id\":\"http:\/\/pffs.de\/#\/schema\/logo\/image\/\"}}]}<\/script>\n<!-- \/ Yoast SEO plugin. -->","yoast_head_json":{"title":"Streicher Automuseum Lalling 15.8.2023 - Porsche Freunde Freising","robots":{"index":"index","follow":"follow","max-snippet":"max-snippet:-1","max-image-preview":"max-image-preview:large","max-video-preview":"max-video-preview:-1"},"canonical":"https:\/\/pffs.de\/?page_id=2326","og_locale":"de_DE","og_type":"article","og_title":"Streicher Automuseum Lalling 15.8.2023 - Porsche Freunde Freising","og_description":"Am 15.8. machten wir uns mit 12 911ern auf den Weg in den Bayrischen Wald. Erste Station war der D\u00fcllhof zum Mittagessen, dann ging\u2019s weiter zum Streicher Automuseeum. \u00dcber die Landstra\u00dfe fuhren wir dann \u00fcber Hengersberg, Osterhofen, Frontenhausen und Geisenhausen zum gemeinsamen Abendessen zum Mooswirt. Unvergesslich die Ehrenrunde um den Franz Eberhofer Kreisel Vielen Dank &hellip; \u201eStreicher Automuseum Lalling 15.8.2023\u201c weiterlesen","og_url":"https:\/\/pffs.de\/?page_id=2326","og_site_name":"Porsche Freunde Freising","article_modified_time":"2023-08-20T12:30:58+00:00","og_image":[{"url":"http:\/\/pffs.de\/wp-content\/uploads\/2023\/08\/877d7222-5262-494a-88e6-aeac60f1ba5f.jpeg"}],"twitter_card":"summary_large_image","schema":{"@context":"https:\/\/schema.org","@graph":[{"@type":"WebPage","@id":"https:\/\/pffs.de\/?page_id=2326","url":"https:\/\/pffs.de\/?page_id=2326","name":"Streicher Automuseum Lalling 15.8.2023 - Porsche Freunde Freising","isPartOf":{"@id":"http:\/\/pffs.de\/#website"},"primaryImageOfPage":{"@id":"https:\/\/pffs.de\/?page_id=2326#primaryimage"},"image":{"@id":"https:\/\/pffs.de\/?page_id=2326#primaryimage"},"thumbnailUrl":"http:\/\/pffs.de\/wp-content\/uploads\/2023\/08\/877d7222-5262-494a-88e6-aeac60f1ba5f.jpeg","datePublished":"2023-08-16T06:38:24+00:00","dateModified":"2023-08-20T12:30:58+00:00","breadcrumb":{"@id":"https:\/\/pffs.de\/?page_id=2326#breadcrumb"},"inLanguage":"de","potentialAction":[{"@type":"ReadAction","target":["https:\/\/pffs.de\/?page_id=2326"]}]},{"@type":"ImageObject","inLanguage":"de","@id":"https:\/\/pffs.de\/?page_id=2326#primaryimage","url":"https:\/\/pffs.de\/wp-content\/uploads\/2023\/08\/877d7222-5262-494a-88e6-aeac60f1ba5f.jpeg","contentUrl":"https:\/\/pffs.de\/wp-content\/uploads\/2023\/08\/877d7222-5262-494a-88e6-aeac60f1ba5f.jpeg","width":768,"height":1024},{"@type":"BreadcrumbList","@id":"https:\/\/pffs.de\/?page_id=2326#breadcrumb","itemListElement":[{"@type":"ListItem","position":1,"name":"Startseite","item":"http:\/\/pffs.de\/"},{"@type":"ListItem","position":2,"name":"Streicher Automuseum Lalling 15.8.2023"}]},{"@type":"WebSite","@id":"http:\/\/pffs.de\/#website","url":"http:\/\/pffs.de\/","name":"Porsche Freunde Freising","description":"Der Treff f\u00fcr den klassischen Porsche","publisher":{"@id":"http:\/\/pffs.de\/#organization"},"potentialAction":[{"@type":"SearchAction","target":{"@type":"EntryPoint","urlTemplate":"http:\/\/pffs.de\/?s={search_term_string}"},"query-input":{"@type":"PropertyValueSpecification","valueRequired":true,"valueName":"search_term_string"}}],"inLanguage":"de"},{"@type":"Organization","@id":"http:\/\/pffs.de\/#organization","name":"Porsche Freunde Freising","url":"http:\/\/pffs.de\/","logo":{"@type":"ImageObject","inLanguage":"de","@id":"http:\/\/pffs.de\/#\/schema\/logo\/image\/","url":"http:\/\/pffs.de\/wp-content\/uploads\/2022\/02\/5D082450-7B00-4A88-BB9C-724D881E38DE.jpeg","contentUrl":"http:\/\/pffs.de\/wp-content\/uploads\/2022\/02\/5D082450-7B00-4A88-BB9C-724D881E38DE.jpeg","width":1170,"height":1670,"caption":"Porsche Freunde Freising"},"image":{"@id":"http:\/\/pffs.de\/#\/schema\/logo\/image\/"}}]}},"_links":{"self":[{"href":"https:\/\/pffs.de\/index.php?rest_route=\/wp\/v2\/pages\/2326"}],"collection":[{"href":"https:\/\/pffs.de\/index.php?rest_route=\/wp\/v2\/pages"}],"about":[{"href":"https:\/\/pffs.de\/index.php?rest_route=\/wp\/v2\/types\/page"}],"author":[{"embeddable":true,"href":"https:\/\/pffs.de\/index.php?rest_route=\/wp\/v2\/users\/3"}],"replies":[{"embeddable":true,"href":"https:\/\/pffs.de\/index.php?rest_route=%2Fwp%2Fv2%2Fcomments&post=2326"}],"version-history":[{"count":5,"href":"https:\/\/pffs.de\/index.php?rest_route=\/wp\/v2\/pages\/2326\/revisions"}],"predecessor-version":[{"id":2363,"href":"https:\/\/pffs.de\/index.php?rest_route=\/wp\/v2\/pages\/2326\/revisions\/2363"}],"wp:attachment":[{"href":"https:\/\/pffs.de\/index.php?rest_route=%2Fwp%2Fv2%2Fmedia&parent=2326"}],"curies":[{"name":"wp","href":"https:\/\/api.w.org\/{rel}","templated":true}]}}