{"id":2650,"date":"2025-09-02T12:27:54","date_gmt":"2025-09-02T11:27:54","guid":{"rendered":"https:\/\/pffs.de\/?page_id=2650"},"modified":"2025-09-02T12:27:56","modified_gmt":"2025-09-02T11:27:56","slug":"bmw-mitarbeiter-lieben-auch-porsche","status":"publish","type":"page","link":"http:\/\/pffs.de\/?page_id=2650","title":{"rendered":"BMW Mitarbeiter lieben auch Porsche"},"content":{"rendered":"\n<p>Am 13.6.25 kamen ca. 25 BMW Kollegen unseres Kameraden Franz Grill zu uns in die Sportgastst\u00e4tte Attaching. Benzingefl\u00fcster und sch\u00f6nes Wetter machten den Tag perfekt!<\/p>\n\n\n\n<figure class=\"wp-block-gallery has-nested-images columns-default is-cropped wp-block-gallery-1 is-layout-flex wp-block-gallery-is-layout-flex\">\n<figure class=\"wp-block-image size-large\"><img loading=\"lazy\" decoding=\"async\" width=\"1024\" height=\"768\" data-id=\"2655\" src=\"https:\/\/pffs.de\/wp-content\/uploads\/2025\/09\/IMG_9214-1024x768.jpeg\" alt=\"\" class=\"wp-image-2655\" srcset=\"http:\/\/pffs.de\/wp-content\/uploads\/2025\/09\/IMG_9214-1024x768.jpeg 1024w, http:\/\/pffs.de\/wp-content\/uploads\/2025\/09\/IMG_9214-300x225.jpeg 300w, http:\/\/pffs.de\/wp-content\/uploads\/2025\/09\/IMG_9214-768x576.jpeg 768w, http:\/\/pffs.de\/wp-content\/uploads\/2025\/09\/IMG_9214-1536x1152.jpeg 1536w, http:\/\/pffs.de\/wp-content\/uploads\/2025\/09\/IMG_9214-2048x1536.jpeg 2048w\" sizes=\"(max-width: 767px) 89vw, (max-width: 1000px) 54vw, (max-width: 1071px) 543px, 580px\" \/><\/figure>\n\n\n\n<figure class=\"wp-block-image size-large\"><img loading=\"lazy\" decoding=\"async\" width=\"1024\" height=\"768\" data-id=\"2653\" src=\"https:\/\/pffs.de\/wp-content\/uploads\/2025\/09\/IMG_9215-1024x768.jpeg\" alt=\"\" class=\"wp-image-2653\" srcset=\"http:\/\/pffs.de\/wp-content\/uploads\/2025\/09\/IMG_9215-1024x768.jpeg 1024w, http:\/\/pffs.de\/wp-content\/uploads\/2025\/09\/IMG_9215-300x225.jpeg 300w, http:\/\/pffs.de\/wp-content\/uploads\/2025\/09\/IMG_9215-768x576.jpeg 768w, http:\/\/pffs.de\/wp-content\/uploads\/2025\/09\/IMG_9215-1536x1152.jpeg 1536w, http:\/\/pffs.de\/wp-content\/uploads\/2025\/09\/IMG_9215-2048x1536.jpeg 2048w\" sizes=\"(max-width: 767px) 89vw, (max-width: 1000px) 54vw, (max-width: 1071px) 543px, 580px\" \/><\/figure>\n\n\n\n<figure class=\"wp-block-image size-large\"><img loading=\"lazy\" decoding=\"async\" width=\"1024\" height=\"768\" data-id=\"2656\" src=\"https:\/\/pffs.de\/wp-content\/uploads\/2025\/09\/IMG_9217-1024x768.jpeg\" alt=\"\" class=\"wp-image-2656\" srcset=\"http:\/\/pffs.de\/wp-content\/uploads\/2025\/09\/IMG_9217-1024x768.jpeg 1024w, http:\/\/pffs.de\/wp-content\/uploads\/2025\/09\/IMG_9217-300x225.jpeg 300w, http:\/\/pffs.de\/wp-content\/uploads\/2025\/09\/IMG_9217-768x576.jpeg 768w, http:\/\/pffs.de\/wp-content\/uploads\/2025\/09\/IMG_9217-1536x1152.jpeg 1536w, http:\/\/pffs.de\/wp-content\/uploads\/2025\/09\/IMG_9217-2048x1536.jpeg 2048w\" sizes=\"(max-width: 767px) 89vw, (max-width: 1000px) 54vw, (max-width: 1071px) 543px, 580px\" \/><\/figure>\n\n\n\n<figure class=\"wp-block-image size-large\"><img loading=\"lazy\" decoding=\"async\" width=\"1024\" height=\"768\" data-id=\"2654\" src=\"https:\/\/pffs.de\/wp-content\/uploads\/2025\/09\/IMG_9223-1024x768.jpeg\" alt=\"\" class=\"wp-image-2654\" srcset=\"http:\/\/pffs.de\/wp-content\/uploads\/2025\/09\/IMG_9223-1024x768.jpeg 1024w, http:\/\/pffs.de\/wp-content\/uploads\/2025\/09\/IMG_9223-300x225.jpeg 300w, http:\/\/pffs.de\/wp-content\/uploads\/2025\/09\/IMG_9223-768x576.jpeg 768w, http:\/\/pffs.de\/wp-content\/uploads\/2025\/09\/IMG_9223-1536x1152.jpeg 1536w, http:\/\/pffs.de\/wp-content\/uploads\/2025\/09\/IMG_9223-2048x1536.jpeg 2048w\" sizes=\"(max-width: 767px) 89vw, (max-width: 1000px) 54vw, (max-width: 1071px) 543px, 580px\" \/><\/figure>\n\n\n\n<figure class=\"wp-block-image size-large\"><img loading=\"lazy\" decoding=\"async\" width=\"1024\" height=\"768\" data-id=\"2652\" src=\"https:\/\/pffs.de\/wp-content\/uploads\/2025\/09\/IMG_9224-1024x768.jpeg\" alt=\"\" class=\"wp-image-2652\" srcset=\"http:\/\/pffs.de\/wp-content\/uploads\/2025\/09\/IMG_9224-1024x768.jpeg 1024w, http:\/\/pffs.de\/wp-content\/uploads\/2025\/09\/IMG_9224-300x225.jpeg 300w, http:\/\/pffs.de\/wp-content\/uploads\/2025\/09\/IMG_9224-768x576.jpeg 768w, http:\/\/pffs.de\/wp-content\/uploads\/2025\/09\/IMG_9224-1536x1152.jpeg 1536w, http:\/\/pffs.de\/wp-content\/uploads\/2025\/09\/IMG_9224-2048x1536.jpeg 2048w\" sizes=\"(max-width: 767px) 89vw, (max-width: 1000px) 54vw, (max-width: 1071px) 543px, 580px\" \/><\/figure>\n\n\n\n<figure class=\"wp-block-image size-large\"><img loading=\"lazy\" decoding=\"async\" width=\"1024\" height=\"768\" data-id=\"2651\" src=\"https:\/\/pffs.de\/wp-content\/uploads\/2025\/09\/IMG_9226-1024x768.jpeg\" alt=\"\" class=\"wp-image-2651\" srcset=\"http:\/\/pffs.de\/wp-content\/uploads\/2025\/09\/IMG_9226-1024x768.jpeg 1024w, http:\/\/pffs.de\/wp-content\/uploads\/2025\/09\/IMG_9226-300x225.jpeg 300w, http:\/\/pffs.de\/wp-content\/uploads\/2025\/09\/IMG_9226-768x576.jpeg 768w, http:\/\/pffs.de\/wp-content\/uploads\/2025\/09\/IMG_9226-1536x1152.jpeg 1536w, http:\/\/pffs.de\/wp-content\/uploads\/2025\/09\/IMG_9226-2048x1536.jpeg 2048w\" sizes=\"(max-width: 767px) 89vw, (max-width: 1000px) 54vw, (max-width: 1071px) 543px, 580px\" \/><\/figure>\n\n\n\n<figure class=\"wp-block-image size-large\"><img loading=\"lazy\" decoding=\"async\" width=\"1024\" height=\"768\" data-id=\"2657\" src=\"https:\/\/pffs.de\/wp-content\/uploads\/2025\/09\/IMG_9227-1024x768.jpeg\" alt=\"\" class=\"wp-image-2657\" srcset=\"http:\/\/pffs.de\/wp-content\/uploads\/2025\/09\/IMG_9227-1024x768.jpeg 1024w, http:\/\/pffs.de\/wp-content\/uploads\/2025\/09\/IMG_9227-300x225.jpeg 300w, http:\/\/pffs.de\/wp-content\/uploads\/2025\/09\/IMG_9227-768x576.jpeg 768w, http:\/\/pffs.de\/wp-content\/uploads\/2025\/09\/IMG_9227-1536x1152.jpeg 1536w, http:\/\/pffs.de\/wp-content\/uploads\/2025\/09\/IMG_9227-2048x1536.jpeg 2048w\" sizes=\"(max-width: 767px) 89vw, (max-width: 1000px) 54vw, (max-width: 1071px) 543px, 580px\" \/><\/figure>\n<\/figure>\n","protected":false},"excerpt":{"rendered":"<p>Am 13.6.25 kamen ca. 25 BMW Kollegen unseres Kameraden Franz Grill zu uns in die Sportgastst\u00e4tte Attaching. Benzingefl\u00fcster und sch\u00f6nes Wetter machten den Tag perfekt!<\/p>\n","protected":false},"author":3,"featured_media":0,"parent":0,"menu_order":0,"comment_status":"closed","ping_status":"closed","template":"","meta":{"footnotes":""},"yoast_head":"<!-- This site is optimized with the Yoast SEO plugin v23.5 - https:\/\/yoast.com\/wordpress\/plugins\/seo\/ -->\n<title>BMW Mitarbeiter lieben auch Porsche - Porsche Freunde Freising<\/title>\n<meta name=\"robots\" content=\"index, follow, max-snippet:-1, max-image-preview:large, max-video-preview:-1\" \/>\n<link rel=\"canonical\" href=\"http:\/\/pffs.de\/?page_id=2650\" \/>\n<meta property=\"og:locale\" content=\"de_DE\" \/>\n<meta property=\"og:type\" content=\"article\" \/>\n<meta property=\"og:title\" content=\"BMW Mitarbeiter lieben auch Porsche - Porsche Freunde Freising\" \/>\n<meta property=\"og:description\" content=\"Am 13.6.25 kamen ca. 25 BMW Kollegen unseres Kameraden Franz Grill zu uns in die Sportgastst\u00e4tte Attaching. Benzingefl\u00fcster und sch\u00f6nes Wetter machten den Tag perfekt!\" \/>\n<meta property=\"og:url\" content=\"http:\/\/pffs.de\/?page_id=2650\" \/>\n<meta property=\"og:site_name\" content=\"Porsche Freunde Freising\" \/>\n<meta property=\"article:modified_time\" content=\"2025-09-02T11:27:56+00:00\" \/>\n<meta property=\"og:image\" content=\"https:\/\/pffs.de\/wp-content\/uploads\/2025\/09\/IMG_9214-1024x768.jpeg\" \/>\n<meta name=\"twitter:card\" content=\"summary_large_image\" \/>\n<script type=\"application\/ld+json\" class=\"yoast-schema-graph\">{\"@context\":\"https:\/\/schema.org\",\"@graph\":[{\"@type\":\"WebPage\",\"@id\":\"http:\/\/pffs.de\/?page_id=2650\",\"url\":\"http:\/\/pffs.de\/?page_id=2650\",\"name\":\"BMW Mitarbeiter lieben auch Porsche - Porsche Freunde Freising\",\"isPartOf\":{\"@id\":\"http:\/\/pffs.de\/#website\"},\"primaryImageOfPage\":{\"@id\":\"http:\/\/pffs.de\/?page_id=2650#primaryimage\"},\"image\":{\"@id\":\"http:\/\/pffs.de\/?page_id=2650#primaryimage\"},\"thumbnailUrl\":\"https:\/\/pffs.de\/wp-content\/uploads\/2025\/09\/IMG_9214-1024x768.jpeg\",\"datePublished\":\"2025-09-02T11:27:54+00:00\",\"dateModified\":\"2025-09-02T11:27:56+00:00\",\"breadcrumb\":{\"@id\":\"http:\/\/pffs.de\/?page_id=2650#breadcrumb\"},\"inLanguage\":\"de\",\"potentialAction\":[{\"@type\":\"ReadAction\",\"target\":[\"http:\/\/pffs.de\/?page_id=2650\"]}]},{\"@type\":\"ImageObject\",\"inLanguage\":\"de\",\"@id\":\"http:\/\/pffs.de\/?page_id=2650#primaryimage\",\"url\":\"http:\/\/pffs.de\/wp-content\/uploads\/2025\/09\/IMG_9214-scaled.jpeg\",\"contentUrl\":\"http:\/\/pffs.de\/wp-content\/uploads\/2025\/09\/IMG_9214-scaled.jpeg\",\"width\":2560,\"height\":1920},{\"@type\":\"BreadcrumbList\",\"@id\":\"http:\/\/pffs.de\/?page_id=2650#breadcrumb\",\"itemListElement\":[{\"@type\":\"ListItem\",\"position\":1,\"name\":\"Startseite\",\"item\":\"http:\/\/pffs.de\/\"},{\"@type\":\"ListItem\",\"position\":2,\"name\":\"BMW Mitarbeiter lieben auch Porsche\"}]},{\"@type\":\"WebSite\",\"@id\":\"http:\/\/pffs.de\/#website\",\"url\":\"http:\/\/pffs.de\/\",\"name\":\"Porsche Freunde Freising\",\"description\":\"Der Treff f\u00fcr den klassischen Porsche\",\"publisher\":{\"@id\":\"http:\/\/pffs.de\/#organization\"},\"potentialAction\":[{\"@type\":\"SearchAction\",\"target\":{\"@type\":\"EntryPoint\",\"urlTemplate\":\"http:\/\/pffs.de\/?s={search_term_string}\"},\"query-input\":{\"@type\":\"PropertyValueSpecification\",\"valueRequired\":true,\"valueName\":\"search_term_string\"}}],\"inLanguage\":\"de\"},{\"@type\":\"Organization\",\"@id\":\"http:\/\/pffs.de\/#organization\",\"name\":\"Porsche Freunde Freising\",\"url\":\"http:\/\/pffs.de\/\",\"logo\":{\"@type\":\"ImageObject\",\"inLanguage\":\"de\",\"@id\":\"http:\/\/pffs.de\/#\/schema\/logo\/image\/\",\"url\":\"http:\/\/pffs.de\/wp-content\/uploads\/2022\/02\/5D082450-7B00-4A88-BB9C-724D881E38DE.jpeg\",\"contentUrl\":\"http:\/\/pffs.de\/wp-content\/uploads\/2022\/02\/5D082450-7B00-4A88-BB9C-724D881E38DE.jpeg\",\"width\":1170,\"height\":1670,\"caption\":\"Porsche Freunde Freising\"},\"image\":{\"@id\":\"http:\/\/pffs.de\/#\/schema\/logo\/image\/\"}}]}<\/script>\n<!-- \/ Yoast SEO plugin. -->","yoast_head_json":{"title":"BMW Mitarbeiter lieben auch Porsche - Porsche Freunde Freising","robots":{"index":"index","follow":"follow","max-snippet":"max-snippet:-1","max-image-preview":"max-image-preview:large","max-video-preview":"max-video-preview:-1"},"canonical":"http:\/\/pffs.de\/?page_id=2650","og_locale":"de_DE","og_type":"article","og_title":"BMW Mitarbeiter lieben auch Porsche - Porsche Freunde Freising","og_description":"Am 13.6.25 kamen ca. 25 BMW Kollegen unseres Kameraden Franz Grill zu uns in die Sportgastst\u00e4tte Attaching. Benzingefl\u00fcster und sch\u00f6nes Wetter machten den Tag perfekt!","og_url":"http:\/\/pffs.de\/?page_id=2650","og_site_name":"Porsche Freunde Freising","article_modified_time":"2025-09-02T11:27:56+00:00","og_image":[{"url":"https:\/\/pffs.de\/wp-content\/uploads\/2025\/09\/IMG_9214-1024x768.jpeg"}],"twitter_card":"summary_large_image","schema":{"@context":"https:\/\/schema.org","@graph":[{"@type":"WebPage","@id":"http:\/\/pffs.de\/?page_id=2650","url":"http:\/\/pffs.de\/?page_id=2650","name":"BMW Mitarbeiter lieben auch Porsche - Porsche Freunde Freising","isPartOf":{"@id":"http:\/\/pffs.de\/#website"},"primaryImageOfPage":{"@id":"http:\/\/pffs.de\/?page_id=2650#primaryimage"},"image":{"@id":"http:\/\/pffs.de\/?page_id=2650#primaryimage"},"thumbnailUrl":"https:\/\/pffs.de\/wp-content\/uploads\/2025\/09\/IMG_9214-1024x768.jpeg","datePublished":"2025-09-02T11:27:54+00:00","dateModified":"2025-09-02T11:27:56+00:00","breadcrumb":{"@id":"http:\/\/pffs.de\/?page_id=2650#breadcrumb"},"inLanguage":"de","potentialAction":[{"@type":"ReadAction","target":["http:\/\/pffs.de\/?page_id=2650"]}]},{"@type":"ImageObject","inLanguage":"de","@id":"http:\/\/pffs.de\/?page_id=2650#primaryimage","url":"http:\/\/pffs.de\/wp-content\/uploads\/2025\/09\/IMG_9214-scaled.jpeg","contentUrl":"http:\/\/pffs.de\/wp-content\/uploads\/2025\/09\/IMG_9214-scaled.jpeg","width":2560,"height":1920},{"@type":"BreadcrumbList","@id":"http:\/\/pffs.de\/?page_id=2650#breadcrumb","itemListElement":[{"@type":"ListItem","position":1,"name":"Startseite","item":"http:\/\/pffs.de\/"},{"@type":"ListItem","position":2,"name":"BMW Mitarbeiter lieben auch Porsche"}]},{"@type":"WebSite","@id":"http:\/\/pffs.de\/#website","url":"http:\/\/pffs.de\/","name":"Porsche Freunde Freising","description":"Der Treff f\u00fcr den klassischen Porsche","publisher":{"@id":"http:\/\/pffs.de\/#organization"},"potentialAction":[{"@type":"SearchAction","target":{"@type":"EntryPoint","urlTemplate":"http:\/\/pffs.de\/?s={search_term_string}"},"query-input":{"@type":"PropertyValueSpecification","valueRequired":true,"valueName":"search_term_string"}}],"inLanguage":"de"},{"@type":"Organization","@id":"http:\/\/pffs.de\/#organization","name":"Porsche Freunde Freising","url":"http:\/\/pffs.de\/","logo":{"@type":"ImageObject","inLanguage":"de","@id":"http:\/\/pffs.de\/#\/schema\/logo\/image\/","url":"http:\/\/pffs.de\/wp-content\/uploads\/2022\/02\/5D082450-7B00-4A88-BB9C-724D881E38DE.jpeg","contentUrl":"http:\/\/pffs.de\/wp-content\/uploads\/2022\/02\/5D082450-7B00-4A88-BB9C-724D881E38DE.jpeg","width":1170,"height":1670,"caption":"Porsche Freunde Freising"},"image":{"@id":"http:\/\/pffs.de\/#\/schema\/logo\/image\/"}}]}},"_links":{"self":[{"href":"http:\/\/pffs.de\/index.php?rest_route=\/wp\/v2\/pages\/2650"}],"collection":[{"href":"http:\/\/pffs.de\/index.php?rest_route=\/wp\/v2\/pages"}],"about":[{"href":"http:\/\/pffs.de\/index.php?rest_route=\/wp\/v2\/types\/page"}],"author":[{"embeddable":true,"href":"http:\/\/pffs.de\/index.php?rest_route=\/wp\/v2\/users\/3"}],"replies":[{"embeddable":true,"href":"http:\/\/pffs.de\/index.php?rest_route=%2Fwp%2Fv2%2Fcomments&post=2650"}],"version-history":[{"count":1,"href":"http:\/\/pffs.de\/index.php?rest_route=\/wp\/v2\/pages\/2650\/revisions"}],"predecessor-version":[{"id":2659,"href":"http:\/\/pffs.de\/index.php?rest_route=\/wp\/v2\/pages\/2650\/revisions\/2659"}],"wp:attachment":[{"href":"http:\/\/pffs.de\/index.php?rest_route=%2Fwp%2Fv2%2Fmedia&parent=2650"}],"curies":[{"name":"wp","href":"https:\/\/api.w.org\/{rel}","templated":true}]}}