{"id":2625,"date":"2025-08-31T15:56:57","date_gmt":"2025-08-31T14:56:57","guid":{"rendered":"https:\/\/pffs.de\/?page_id=2625"},"modified":"2025-09-01T17:21:03","modified_gmt":"2025-09-01T16:21:03","slug":"koessen-2025","status":"publish","type":"page","link":"http:\/\/pffs.de\/?page_id=2625","title":{"rendered":"K\u00f6ssen 2025"},"content":{"rendered":"\n<figure class=\"wp-block-video\"><video controls src=\"https:\/\/pffs.de\/wp-content\/uploads\/2025\/09\/f61a650e-6457-424c-8603-74db612460be.mov\"><\/video><\/figure>\n\n\n\n<figure class=\"wp-block-gallery has-nested-images columns-default is-cropped wp-block-gallery-1 is-layout-flex wp-block-gallery-is-layout-flex\">\n<figure class=\"wp-block-image size-large\"><img loading=\"lazy\" decoding=\"async\" width=\"1024\" height=\"768\" data-id=\"2627\" src=\"https:\/\/pffs.de\/wp-content\/uploads\/2025\/08\/IMG_0116-1024x768.jpeg\" alt=\"\" class=\"wp-image-2627\" srcset=\"http:\/\/pffs.de\/wp-content\/uploads\/2025\/08\/IMG_0116-1024x768.jpeg 1024w, http:\/\/pffs.de\/wp-content\/uploads\/2025\/08\/IMG_0116-300x225.jpeg 300w, http:\/\/pffs.de\/wp-content\/uploads\/2025\/08\/IMG_0116-768x576.jpeg 768w, http:\/\/pffs.de\/wp-content\/uploads\/2025\/08\/IMG_0116-1536x1152.jpeg 1536w, http:\/\/pffs.de\/wp-content\/uploads\/2025\/08\/IMG_0116-2048x1536.jpeg 2048w\" sizes=\"(max-width: 767px) 89vw, (max-width: 1000px) 54vw, (max-width: 1071px) 543px, 580px\" \/><\/figure>\n\n\n\n<figure class=\"wp-block-image size-large\"><img loading=\"lazy\" decoding=\"async\" width=\"1024\" height=\"768\" data-id=\"2629\" src=\"https:\/\/pffs.de\/wp-content\/uploads\/2025\/08\/IMG_0118-1024x768.jpeg\" alt=\"\" class=\"wp-image-2629\" srcset=\"http:\/\/pffs.de\/wp-content\/uploads\/2025\/08\/IMG_0118-1024x768.jpeg 1024w, http:\/\/pffs.de\/wp-content\/uploads\/2025\/08\/IMG_0118-300x225.jpeg 300w, http:\/\/pffs.de\/wp-content\/uploads\/2025\/08\/IMG_0118-768x576.jpeg 768w, http:\/\/pffs.de\/wp-content\/uploads\/2025\/08\/IMG_0118-1536x1152.jpeg 1536w, http:\/\/pffs.de\/wp-content\/uploads\/2025\/08\/IMG_0118-2048x1536.jpeg 2048w\" sizes=\"(max-width: 767px) 89vw, (max-width: 1000px) 54vw, (max-width: 1071px) 543px, 580px\" \/><\/figure>\n\n\n\n<figure class=\"wp-block-image size-large\"><img loading=\"lazy\" decoding=\"async\" width=\"1024\" height=\"768\" data-id=\"2628\" src=\"https:\/\/pffs.de\/wp-content\/uploads\/2025\/08\/IMG_0120-1024x768.jpeg\" alt=\"\" class=\"wp-image-2628\" srcset=\"http:\/\/pffs.de\/wp-content\/uploads\/2025\/08\/IMG_0120-1024x768.jpeg 1024w, http:\/\/pffs.de\/wp-content\/uploads\/2025\/08\/IMG_0120-300x225.jpeg 300w, http:\/\/pffs.de\/wp-content\/uploads\/2025\/08\/IMG_0120-768x576.jpeg 768w, http:\/\/pffs.de\/wp-content\/uploads\/2025\/08\/IMG_0120-1536x1152.jpeg 1536w, http:\/\/pffs.de\/wp-content\/uploads\/2025\/08\/IMG_0120-2048x1536.jpeg 2048w\" sizes=\"(max-width: 767px) 89vw, (max-width: 1000px) 54vw, (max-width: 1071px) 543px, 580px\" \/><\/figure>\n\n\n\n<figure class=\"wp-block-image size-large\"><img loading=\"lazy\" decoding=\"async\" width=\"1024\" height=\"768\" data-id=\"2626\" src=\"https:\/\/pffs.de\/wp-content\/uploads\/2025\/08\/ccf6d17b-b830-4293-840e-a92db721e1db-1024x768.jpeg\" alt=\"\" class=\"wp-image-2626\" srcset=\"http:\/\/pffs.de\/wp-content\/uploads\/2025\/08\/ccf6d17b-b830-4293-840e-a92db721e1db-1024x768.jpeg 1024w, http:\/\/pffs.de\/wp-content\/uploads\/2025\/08\/ccf6d17b-b830-4293-840e-a92db721e1db-300x225.jpeg 300w, http:\/\/pffs.de\/wp-content\/uploads\/2025\/08\/ccf6d17b-b830-4293-840e-a92db721e1db-768x576.jpeg 768w, http:\/\/pffs.de\/wp-content\/uploads\/2025\/08\/ccf6d17b-b830-4293-840e-a92db721e1db-1536x1152.jpeg 1536w, http:\/\/pffs.de\/wp-content\/uploads\/2025\/08\/ccf6d17b-b830-4293-840e-a92db721e1db.jpeg 1600w\" sizes=\"(max-width: 767px) 89vw, (max-width: 1000px) 54vw, (max-width: 1071px) 543px, 580px\" \/><\/figure>\n\n\n\n<figure class=\"wp-block-image size-large\"><img loading=\"lazy\" decoding=\"async\" width=\"1024\" height=\"768\" data-id=\"2631\" src=\"https:\/\/pffs.de\/wp-content\/uploads\/2025\/08\/IMG_0159-1024x768.jpeg\" alt=\"\" class=\"wp-image-2631\" srcset=\"http:\/\/pffs.de\/wp-content\/uploads\/2025\/08\/IMG_0159-1024x768.jpeg 1024w, http:\/\/pffs.de\/wp-content\/uploads\/2025\/08\/IMG_0159-300x225.jpeg 300w, http:\/\/pffs.de\/wp-content\/uploads\/2025\/08\/IMG_0159-768x576.jpeg 768w, http:\/\/pffs.de\/wp-content\/uploads\/2025\/08\/IMG_0159-1536x1152.jpeg 1536w, http:\/\/pffs.de\/wp-content\/uploads\/2025\/08\/IMG_0159-2048x1536.jpeg 2048w\" sizes=\"(max-width: 767px) 89vw, (max-width: 1000px) 54vw, (max-width: 1071px) 543px, 580px\" \/><\/figure>\n\n\n\n<figure class=\"wp-block-image size-large\"><img loading=\"lazy\" decoding=\"async\" width=\"1024\" height=\"768\" data-id=\"2630\" src=\"https:\/\/pffs.de\/wp-content\/uploads\/2025\/08\/IMG_0171-1024x768.jpeg\" alt=\"\" class=\"wp-image-2630\" srcset=\"http:\/\/pffs.de\/wp-content\/uploads\/2025\/08\/IMG_0171-1024x768.jpeg 1024w, http:\/\/pffs.de\/wp-content\/uploads\/2025\/08\/IMG_0171-300x225.jpeg 300w, http:\/\/pffs.de\/wp-content\/uploads\/2025\/08\/IMG_0171-768x576.jpeg 768w, http:\/\/pffs.de\/wp-content\/uploads\/2025\/08\/IMG_0171-1536x1152.jpeg 1536w, http:\/\/pffs.de\/wp-content\/uploads\/2025\/08\/IMG_0171-2048x1536.jpeg 2048w\" sizes=\"(max-width: 767px) 89vw, (max-width: 1000px) 54vw, (max-width: 1071px) 543px, 580px\" \/><\/figure>\n\n\n\n<figure class=\"wp-block-image size-large\"><img loading=\"lazy\" decoding=\"async\" width=\"1024\" height=\"768\" data-id=\"2633\" src=\"https:\/\/pffs.de\/wp-content\/uploads\/2025\/08\/IMG_0172-1024x768.jpeg\" alt=\"\" class=\"wp-image-2633\" srcset=\"http:\/\/pffs.de\/wp-content\/uploads\/2025\/08\/IMG_0172-1024x768.jpeg 1024w, http:\/\/pffs.de\/wp-content\/uploads\/2025\/08\/IMG_0172-300x225.jpeg 300w, http:\/\/pffs.de\/wp-content\/uploads\/2025\/08\/IMG_0172-768x576.jpeg 768w, http:\/\/pffs.de\/wp-content\/uploads\/2025\/08\/IMG_0172-1536x1152.jpeg 1536w, http:\/\/pffs.de\/wp-content\/uploads\/2025\/08\/IMG_0172-2048x1536.jpeg 2048w\" sizes=\"(max-width: 767px) 89vw, (max-width: 1000px) 54vw, (max-width: 1071px) 543px, 580px\" \/><\/figure>\n\n\n\n<figure class=\"wp-block-image size-large\"><img loading=\"lazy\" decoding=\"async\" width=\"1024\" height=\"768\" data-id=\"2632\" src=\"https:\/\/pffs.de\/wp-content\/uploads\/2025\/08\/IMG_0173-1024x768.jpeg\" alt=\"\" class=\"wp-image-2632\" srcset=\"http:\/\/pffs.de\/wp-content\/uploads\/2025\/08\/IMG_0173-1024x768.jpeg 1024w, http:\/\/pffs.de\/wp-content\/uploads\/2025\/08\/IMG_0173-300x225.jpeg 300w, http:\/\/pffs.de\/wp-content\/uploads\/2025\/08\/IMG_0173-768x576.jpeg 768w, http:\/\/pffs.de\/wp-content\/uploads\/2025\/08\/IMG_0173-1536x1152.jpeg 1536w, http:\/\/pffs.de\/wp-content\/uploads\/2025\/08\/IMG_0173-2048x1536.jpeg 2048w\" sizes=\"(max-width: 767px) 89vw, (max-width: 1000px) 54vw, (max-width: 1071px) 543px, 580px\" \/><\/figure>\n<\/figure>\n\n\n\n<p>Unsere Reise f\u00fchrte uns \u00fcber Isen, Halfing, Prien, Grassau , Marquartstein nach K\u00f6ssen und zur Fischbachalm.<\/p>\n\n\n\n<p>9 h Treffpunkt Moosburg Degernpoint Am Parkplatz Aldi hinter der Tankstelle, Vollgetankt!<\/p>\n\n\n\n<p>9,15 h Abfahrt<\/p>\n\n\n\n<p>Buch am Erlbach, Maria Thalheim, Landersdorf, Isen, Reitmehring, Halfing, Kaffeepause in Halfing <strong>Caf\u00e9 Miedl<\/strong><\/p>\n\n\n\n<p>10,30 h Weiter&nbsp; H\u00f6slwang, Obing, Seebruck, Chieming, &nbsp;Grassau, Marquartstein, K\u00f6ssen<\/p>\n\n\n\n<p>11.30 Ankunft K\u00f6ssen, Treffpunkt Steinbruchweg 1 K\u00f6ssen, kurze &nbsp;Kaffeepause.&nbsp;<\/p>\n\n\n\n<p>Dann K\u00f6ssen, Schwendt, Griesenau Mautstrasse &nbsp;Kaiserbachtal.<\/p>\n\n\n\n<p><strong>Fischbachalm <\/strong>&nbsp;zur Mittagspause, Spaziergang<\/p>\n\n\n\n<p>15,00 Abfahrt kleine Runde um den Unterberg.&nbsp; Gasteig, Kichdorf, Erpfendorf, Reit im Winkl, Oberw\u00f6ssen, Schleching, K\u00f6ssen.<\/p>\n\n\n\n<p><strong>Tag 2 Fr. 29.8.25 Rundtour Rossfeld und Ramsau 200 km, 4 Std.<\/strong><\/p>\n\n\n\n<p>8 h Fr\u00fchst\u00fcck<\/p>\n\n\n\n<p>9,30 h Abfahrt K\u00f6ssen, Erpfendorf, Unken , Mellek, Unterjettenberg, Berchtesgaden, Oberau<\/p>\n\n\n\n<p>10,30 h Kaffepause<\/p>\n\n\n\n<p>11.30 h Rossfeld Mautstrasse (10,\u2014 Euro) .<\/p>\n\n\n\n<p>12 h Mittagpause &nbsp;<strong>Alpengasthof Hochlenzer<\/strong><\/p>\n\n\n\n<p>15 h &nbsp;Abfahrt Richtung Berchtesgaden, Obersch\u00f6nau Mellek, Lofer, Waidring, Pillersee<\/p>\n\n\n\n<p>16 h Kaffeepause Waidring Caf\u00e9 Decker<\/p>\n\n\n\n<p>17 h Abfahrt Richtung K\u00f6ssen \u00fcber Erpfendorf.<\/p>\n\n\n\n<p>Volltanken!<\/p>\n\n\n\n<p>19 h Abendessen in der <strong>Post<\/strong><\/p>\n\n\n\n<p><strong>Tag 3 Sa. 30.8.25 Rundfahrt Tatzelwurm 180 km, 3 Std<\/strong><\/p>\n\n\n\n<p>8 h Fr\u00fchst\u00fcck<\/p>\n\n\n\n<p>9,30 h Abfahrt Walchsee, Oberaudorf, Tatzelw\u00fcrmer, Kaffeepause <strong>Sudelfeld.<\/strong><\/p>\n\n\n\n<p>11. 30 h weiter \u00fcber Bayrischzell, Landl, Mitterland, Parkplatz Schneeberg.<\/p>\n\n\n\n<p>12,30 h <strong>Mittagessen Gasthaus Schneeberg.<\/strong><\/p>\n\n\n\n<p>15 &nbsp;h Abfahrt Thiersee, Kufstein, Eiberg, Scheffau, Ellmau, rauf zum Hausberg Treichlhof zu Kaffee und Kuchen.<\/p>\n\n\n\n<p>16 h Treichelhof Kaffeepause<\/p>\n\n\n\n<p>17 &nbsp;Abfahrt St. Johann, Schwendt, K\u00f6ssen.<\/p>\n\n\n\n<p>17.30 h Ankunft K\u00f6ssen, Relax<\/p>\n\n\n\n<p>19 h Abendessen in der <strong>Post<\/strong><\/p>\n\n\n\n<p><strong>Tag 4 So. 31.8.25 &nbsp;K\u00f6ssen Freising \/ Moosburg 150 km, 3 Std.<\/strong><\/p>\n\n\n\n<p>8 h Fr\u00fchst\u00fcck und Checkout<\/p>\n\n\n\n<p>9,30 h Abfahrt K\u00f6ssen, Grassau, Chieming, Seebruck, Obing, H\u00f6slwang,<\/p>\n\n\n\n<p>11,30 <strong>Wirt z\u2019Loh Biergarten<\/strong> gemeinsames Mittagessen<\/p>\n\n\n\n<p>14 &nbsp;h Abfahrt Richtung Moosburg \/ Freising \u00fcber Dorfen, Taufkirchen, Buch am Erlbach, Wartenberg<\/p>\n\n\n\n<p>Zum Finale noch ein kurzer Stop im Caf\u00e9 H\u00e4rtl Wartenberg. Kiss and say good bye.<\/p>\n\n\n\n<p><\/p>\n","protected":false},"excerpt":{"rendered":"<p>Unsere Reise f\u00fchrte uns \u00fcber Isen, Halfing, Prien, Grassau , Marquartstein nach K\u00f6ssen und zur Fischbachalm. 9 h Treffpunkt Moosburg Degernpoint Am Parkplatz Aldi hinter der Tankstelle, Vollgetankt! 9,15 h Abfahrt Buch am Erlbach, Maria Thalheim, Landersdorf, Isen, Reitmehring, Halfing, Kaffeepause in Halfing Caf\u00e9 Miedl 10,30 h Weiter&nbsp; H\u00f6slwang, Obing, Seebruck, Chieming, &nbsp;Grassau, Marquartstein, K\u00f6ssen &hellip; <\/p>\n<p class=\"link-more\"><a href=\"http:\/\/pffs.de\/?page_id=2625\" class=\"more-link\"><span class=\"screen-reader-text\">\u201eK\u00f6ssen 2025\u201c<\/span> weiterlesen<\/a><\/p>\n","protected":false},"author":3,"featured_media":0,"parent":0,"menu_order":0,"comment_status":"closed","ping_status":"closed","template":"","meta":{"footnotes":""},"yoast_head":"<!-- This site is optimized with the Yoast SEO plugin v23.5 - https:\/\/yoast.com\/wordpress\/plugins\/seo\/ -->\n<title>K\u00f6ssen 2025 - Porsche Freunde Freising<\/title>\n<meta name=\"robots\" content=\"index, follow, max-snippet:-1, max-image-preview:large, max-video-preview:-1\" \/>\n<link rel=\"canonical\" href=\"http:\/\/pffs.de\/?page_id=2625\" \/>\n<meta property=\"og:locale\" content=\"de_DE\" \/>\n<meta property=\"og:type\" content=\"article\" \/>\n<meta property=\"og:title\" content=\"K\u00f6ssen 2025 - Porsche Freunde Freising\" \/>\n<meta property=\"og:description\" content=\"Unsere Reise f\u00fchrte uns \u00fcber Isen, Halfing, Prien, Grassau , Marquartstein nach K\u00f6ssen und zur Fischbachalm. 9 h Treffpunkt Moosburg Degernpoint Am Parkplatz Aldi hinter der Tankstelle, Vollgetankt! 9,15 h Abfahrt Buch am Erlbach, Maria Thalheim, Landersdorf, Isen, Reitmehring, Halfing, Kaffeepause in Halfing Caf\u00e9 Miedl 10,30 h Weiter&nbsp; H\u00f6slwang, Obing, Seebruck, Chieming, &nbsp;Grassau, Marquartstein, K\u00f6ssen &hellip; \u201eK\u00f6ssen 2025\u201c weiterlesen\" \/>\n<meta property=\"og:url\" content=\"http:\/\/pffs.de\/?page_id=2625\" \/>\n<meta property=\"og:site_name\" content=\"Porsche Freunde Freising\" \/>\n<meta property=\"article:modified_time\" content=\"2025-09-01T16:21:03+00:00\" \/>\n<meta property=\"og:image\" content=\"https:\/\/pffs.de\/wp-content\/uploads\/2025\/08\/IMG_0116-1024x768.jpeg\" \/>\n<meta name=\"twitter:card\" content=\"summary_large_image\" \/>\n<meta name=\"twitter:label1\" content=\"Gesch\u00e4tzte Lesezeit\" \/>\n\t<meta name=\"twitter:data1\" content=\"1\u00a0Minute\" \/>\n<script type=\"application\/ld+json\" class=\"yoast-schema-graph\">{\"@context\":\"https:\/\/schema.org\",\"@graph\":[{\"@type\":\"WebPage\",\"@id\":\"http:\/\/pffs.de\/?page_id=2625\",\"url\":\"http:\/\/pffs.de\/?page_id=2625\",\"name\":\"K\u00f6ssen 2025 - Porsche Freunde Freising\",\"isPartOf\":{\"@id\":\"http:\/\/pffs.de\/#website\"},\"primaryImageOfPage\":{\"@id\":\"http:\/\/pffs.de\/?page_id=2625#primaryimage\"},\"image\":{\"@id\":\"http:\/\/pffs.de\/?page_id=2625#primaryimage\"},\"thumbnailUrl\":\"https:\/\/pffs.de\/wp-content\/uploads\/2025\/08\/IMG_0116-1024x768.jpeg\",\"datePublished\":\"2025-08-31T14:56:57+00:00\",\"dateModified\":\"2025-09-01T16:21:03+00:00\",\"breadcrumb\":{\"@id\":\"http:\/\/pffs.de\/?page_id=2625#breadcrumb\"},\"inLanguage\":\"de\",\"potentialAction\":[{\"@type\":\"ReadAction\",\"target\":[\"http:\/\/pffs.de\/?page_id=2625\"]}]},{\"@type\":\"ImageObject\",\"inLanguage\":\"de\",\"@id\":\"http:\/\/pffs.de\/?page_id=2625#primaryimage\",\"url\":\"http:\/\/pffs.de\/wp-content\/uploads\/2025\/08\/IMG_0116-scaled.jpeg\",\"contentUrl\":\"http:\/\/pffs.de\/wp-content\/uploads\/2025\/08\/IMG_0116-scaled.jpeg\",\"width\":2560,\"height\":1920},{\"@type\":\"BreadcrumbList\",\"@id\":\"http:\/\/pffs.de\/?page_id=2625#breadcrumb\",\"itemListElement\":[{\"@type\":\"ListItem\",\"position\":1,\"name\":\"Startseite\",\"item\":\"http:\/\/pffs.de\/\"},{\"@type\":\"ListItem\",\"position\":2,\"name\":\"K\u00f6ssen 2025\"}]},{\"@type\":\"WebSite\",\"@id\":\"http:\/\/pffs.de\/#website\",\"url\":\"http:\/\/pffs.de\/\",\"name\":\"Porsche Freunde Freising\",\"description\":\"Der Treff f\u00fcr den klassischen Porsche\",\"publisher\":{\"@id\":\"http:\/\/pffs.de\/#organization\"},\"potentialAction\":[{\"@type\":\"SearchAction\",\"target\":{\"@type\":\"EntryPoint\",\"urlTemplate\":\"http:\/\/pffs.de\/?s={search_term_string}\"},\"query-input\":{\"@type\":\"PropertyValueSpecification\",\"valueRequired\":true,\"valueName\":\"search_term_string\"}}],\"inLanguage\":\"de\"},{\"@type\":\"Organization\",\"@id\":\"http:\/\/pffs.de\/#organization\",\"name\":\"Porsche Freunde Freising\",\"url\":\"http:\/\/pffs.de\/\",\"logo\":{\"@type\":\"ImageObject\",\"inLanguage\":\"de\",\"@id\":\"http:\/\/pffs.de\/#\/schema\/logo\/image\/\",\"url\":\"http:\/\/pffs.de\/wp-content\/uploads\/2022\/02\/5D082450-7B00-4A88-BB9C-724D881E38DE.jpeg\",\"contentUrl\":\"http:\/\/pffs.de\/wp-content\/uploads\/2022\/02\/5D082450-7B00-4A88-BB9C-724D881E38DE.jpeg\",\"width\":1170,\"height\":1670,\"caption\":\"Porsche Freunde Freising\"},\"image\":{\"@id\":\"http:\/\/pffs.de\/#\/schema\/logo\/image\/\"}}]}<\/script>\n<!-- \/ Yoast SEO plugin. -->","yoast_head_json":{"title":"K\u00f6ssen 2025 - Porsche Freunde Freising","robots":{"index":"index","follow":"follow","max-snippet":"max-snippet:-1","max-image-preview":"max-image-preview:large","max-video-preview":"max-video-preview:-1"},"canonical":"http:\/\/pffs.de\/?page_id=2625","og_locale":"de_DE","og_type":"article","og_title":"K\u00f6ssen 2025 - Porsche Freunde Freising","og_description":"Unsere Reise f\u00fchrte uns \u00fcber Isen, Halfing, Prien, Grassau , Marquartstein nach K\u00f6ssen und zur Fischbachalm. 9 h Treffpunkt Moosburg Degernpoint Am Parkplatz Aldi hinter der Tankstelle, Vollgetankt! 9,15 h Abfahrt Buch am Erlbach, Maria Thalheim, Landersdorf, Isen, Reitmehring, Halfing, Kaffeepause in Halfing Caf\u00e9 Miedl 10,30 h Weiter&nbsp; H\u00f6slwang, Obing, Seebruck, Chieming, &nbsp;Grassau, Marquartstein, K\u00f6ssen &hellip; \u201eK\u00f6ssen 2025\u201c weiterlesen","og_url":"http:\/\/pffs.de\/?page_id=2625","og_site_name":"Porsche Freunde Freising","article_modified_time":"2025-09-01T16:21:03+00:00","og_image":[{"url":"https:\/\/pffs.de\/wp-content\/uploads\/2025\/08\/IMG_0116-1024x768.jpeg"}],"twitter_card":"summary_large_image","twitter_misc":{"Gesch\u00e4tzte Lesezeit":"1\u00a0Minute"},"schema":{"@context":"https:\/\/schema.org","@graph":[{"@type":"WebPage","@id":"http:\/\/pffs.de\/?page_id=2625","url":"http:\/\/pffs.de\/?page_id=2625","name":"K\u00f6ssen 2025 - Porsche Freunde Freising","isPartOf":{"@id":"http:\/\/pffs.de\/#website"},"primaryImageOfPage":{"@id":"http:\/\/pffs.de\/?page_id=2625#primaryimage"},"image":{"@id":"http:\/\/pffs.de\/?page_id=2625#primaryimage"},"thumbnailUrl":"https:\/\/pffs.de\/wp-content\/uploads\/2025\/08\/IMG_0116-1024x768.jpeg","datePublished":"2025-08-31T14:56:57+00:00","dateModified":"2025-09-01T16:21:03+00:00","breadcrumb":{"@id":"http:\/\/pffs.de\/?page_id=2625#breadcrumb"},"inLanguage":"de","potentialAction":[{"@type":"ReadAction","target":["http:\/\/pffs.de\/?page_id=2625"]}]},{"@type":"ImageObject","inLanguage":"de","@id":"http:\/\/pffs.de\/?page_id=2625#primaryimage","url":"http:\/\/pffs.de\/wp-content\/uploads\/2025\/08\/IMG_0116-scaled.jpeg","contentUrl":"http:\/\/pffs.de\/wp-content\/uploads\/2025\/08\/IMG_0116-scaled.jpeg","width":2560,"height":1920},{"@type":"BreadcrumbList","@id":"http:\/\/pffs.de\/?page_id=2625#breadcrumb","itemListElement":[{"@type":"ListItem","position":1,"name":"Startseite","item":"http:\/\/pffs.de\/"},{"@type":"ListItem","position":2,"name":"K\u00f6ssen 2025"}]},{"@type":"WebSite","@id":"http:\/\/pffs.de\/#website","url":"http:\/\/pffs.de\/","name":"Porsche Freunde Freising","description":"Der Treff f\u00fcr den klassischen Porsche","publisher":{"@id":"http:\/\/pffs.de\/#organization"},"potentialAction":[{"@type":"SearchAction","target":{"@type":"EntryPoint","urlTemplate":"http:\/\/pffs.de\/?s={search_term_string}"},"query-input":{"@type":"PropertyValueSpecification","valueRequired":true,"valueName":"search_term_string"}}],"inLanguage":"de"},{"@type":"Organization","@id":"http:\/\/pffs.de\/#organization","name":"Porsche Freunde Freising","url":"http:\/\/pffs.de\/","logo":{"@type":"ImageObject","inLanguage":"de","@id":"http:\/\/pffs.de\/#\/schema\/logo\/image\/","url":"http:\/\/pffs.de\/wp-content\/uploads\/2022\/02\/5D082450-7B00-4A88-BB9C-724D881E38DE.jpeg","contentUrl":"http:\/\/pffs.de\/wp-content\/uploads\/2022\/02\/5D082450-7B00-4A88-BB9C-724D881E38DE.jpeg","width":1170,"height":1670,"caption":"Porsche Freunde Freising"},"image":{"@id":"http:\/\/pffs.de\/#\/schema\/logo\/image\/"}}]}},"_links":{"self":[{"href":"http:\/\/pffs.de\/index.php?rest_route=\/wp\/v2\/pages\/2625"}],"collection":[{"href":"http:\/\/pffs.de\/index.php?rest_route=\/wp\/v2\/pages"}],"about":[{"href":"http:\/\/pffs.de\/index.php?rest_route=\/wp\/v2\/types\/page"}],"author":[{"embeddable":true,"href":"http:\/\/pffs.de\/index.php?rest_route=\/wp\/v2\/users\/3"}],"replies":[{"embeddable":true,"href":"http:\/\/pffs.de\/index.php?rest_route=%2Fwp%2Fv2%2Fcomments&post=2625"}],"version-history":[{"count":2,"href":"http:\/\/pffs.de\/index.php?rest_route=\/wp\/v2\/pages\/2625\/revisions"}],"predecessor-version":[{"id":2649,"href":"http:\/\/pffs.de\/index.php?rest_route=\/wp\/v2\/pages\/2625\/revisions\/2649"}],"wp:attachment":[{"href":"http:\/\/pffs.de\/index.php?rest_route=%2Fwp%2Fv2%2Fmedia&parent=2625"}],"curies":[{"name":"wp","href":"https:\/\/api.w.org\/{rel}","templated":true}]}}