{"id":21,"date":"2019-03-12T15:40:49","date_gmt":"2019-03-12T14:40:49","guid":{"rendered":"http:\/\/pffs.de\/?page_id=21"},"modified":"2022-02-11T16:20:50","modified_gmt":"2022-02-11T15:20:50","slug":"impressum","status":"publish","type":"page","link":"http:\/\/pffs.de\/?page_id=21","title":{"rendered":"Impressum"},"content":{"rendered":"\n<p><strong>Angaben gem\u00e4\u00df \u00a7 5 TMG:<\/strong><br>Jochen Fr\u00f6mel<br>Am Schlosspark 11<br>84109 W\u00f6rth a.d. Isar<\/p>\n\n\n\n<p><strong>Kontakt<\/strong><br>Telefon: 08702-9495801<br>Email: info \u00e4t pffs dot de<br><\/p>\n\n\n\n<p><strong>HAFTUNGSAUSSCHLUSS<\/strong>:<\/p>\n\n\n\n<p><strong>Inhalt des Onlineangebotes<\/strong><\/p>\n\n\n\n<p>Der Autor \u00fcbernimmt keinerlei Gew\u00e4hr f\u00fcr die Aktualit\u00e4t, Korrektheit,\n Vollst\u00e4ndigkeit oder Qualit\u00e4t der bereitgestellten Informationen. \nHaftungsanspr\u00fcche gegen den Autor, welche sich auf Sch\u00e4den materieller \noder ideeller Art beziehen, die durch die Nutzung oder Nichtnutzung der \ndargebotenen Informationen bzw. durch die Nutzung fehlerhafter und \nunvollst\u00e4ndiger Informationen verursacht wurden, sind grunds\u00e4tzlich \nausgeschlossen, sofern seitens des Autors kein nachweislich \nvors\u00e4tzliches oder grob fahrl\u00e4ssiges Verschulden vorliegt. Alle Angebote\n sind freibleibend und unverbindlich. Der Autor beh\u00e4lt es sich \nausdr\u00fccklich vor, Teile der Seiten oder das gesamte Angebot ohne \ngesonderte Ank\u00fcndigung zu ver\u00e4ndern, zu erg\u00e4nzen, zu l\u00f6schen oder die \nVer\u00f6ffentlichung zeitweise oder endg\u00fcltig einzustellen.<\/p>\n\n\n\n<p><strong>Verweise und Links<\/strong><\/p>\n\n\n\n<p>Bei direkten oder indirekten Verweisen auf fremde Internetseiten \n(\u201cLinks\u201d), die au\u00dferhalb des Verantwortungsbereiches des Autors liegen, \nw\u00fcrde eine Haftungsverpflichtung ausschlie\u00dflich in dem Fall in Kraft \ntreten, in dem der Autor von den Inhalten Kenntnis hat und es ihm \ntechnisch m\u00f6glich und zumutbar w\u00e4re, die Nutzung im Falle rechtswidriger\n Inhalte zu verhindern. Der Autor erkl\u00e4rt hiermit ausdr\u00fccklich, dass zum\n Zeitpunkt der Linksetzung keine illegalen Inhalte auf den zu \nverlinkenden Seiten erkennbar waren. Auf die aktuelle und zuk\u00fcnftige \nGestaltung, die Inhalte oder die Urheberschaft der gelinkten\/verkn\u00fcpften\n Seiten hat der Autor keinerlei Einfluss. Deshalb distanziert er sich \nhiermit ausdr\u00fccklich von allen Inhalten aller gelinkten \/ verkn\u00fcpften \nSeiten, die nach der Linksetzung ver\u00e4ndert wurden. Diese Feststellung \ngilt f\u00fcr alle innerhalb des eigenen Internetangebotes gesetzten Links \nund Verweise sowie f\u00fcr Fremdeintr\u00e4ge in vom Autor eingerichteten \nG\u00e4steb\u00fcchern, Diskussionsforen und Mailinglisten. F\u00fcr illegale, \nfehlerhafte oder unvollst\u00e4ndige Inhalte und insbesondere f\u00fcr Sch\u00e4den, \ndie aus der Nutzung oder Nichtnutzung solcherart dargebotener \nInformationen entstehen, haftet allein der Anbieter der Seite, auf \nwelche verwiesen wurde, nicht derjenige, der \u00fcber Links auf die \njeweilige Ver\u00f6ffentlichung lediglich verweist.<\/p>\n\n\n\n<p><strong>Urheber- und Kennzeichenrecht<\/strong><\/p>\n\n\n\n<p>Der Autor ist bestrebt, in allen Publikationen die Urheberrechte der \nverwendeten Grafiken, Tondokumente, Videosequenzen und Texte zu \nbeachten, von ihm selbst erstellte Grafiken, Tondokumente, \nVideosequenzen und Texte zu nutzen oder auf lizenzfreie Grafiken, \nTondokumente, Videosequenzen und Texte zur\u00fcckzugreifen. Alle innerhalb \ndes Internetangebotes genannten und ggf. durch Dritte gesch\u00fctzten \nMarken- und Warenzeichen unterliegen uneingeschr\u00e4nkt den Bestimmungen \ndes jeweils g\u00fcltigen Kennzeichenrechts und den Besitzrechten der \njeweiligen eingetragenen Eigent\u00fcmer. Allein aufgrund der blo\u00dfen Nennung \nist nicht der Schluss zu ziehen, dass Markenzeichen nicht durch Rechte \nDritter gesch\u00fctzt sind! Das Copyright f\u00fcr ver\u00f6ffentlichte, vom Autor \nselbst erstellte Objekte bleibt allein beim Autor der Seiten. Eine \nVervielf\u00e4ltigung oder Verwendung solcher Grafiken, Tondokumente, \nVideosequenzen und Texte in anderen elektronischen oder gedruckten \nPublikationen ist ohne ausdr\u00fcckliche Zustimmung des Autors nicht \ngestattet.<\/p>\n\n\n\n<p><strong>Datenschutz<\/strong><\/p>\n\n\n\n<p>Sofern innerhalb des Internetangebotes die M\u00f6glichkeit zur Eingabe \npers\u00f6nlicher oder gesch\u00e4ftlicher Daten (E-Mail-Adressen, Namen, \nAnschriften) besteht, so erfolgt die Preisgabe dieser Daten seitens des \nNutzers auf ausdr\u00fccklich freiwilliger Basis. Die Inanspruchnahme und \nBezahlung aller angebotenen Dienste ist \u2013 soweit technisch m\u00f6glich und \nzumutbar \u2013 auch ohne Angabe solcher Daten bzw. unter Angabe \nanonymisierter Daten oder eines Pseudonyms gestattet.<\/p>\n\n\n\n<p><strong>Rechtswirksamkeit dieses Haftungsausschlusses<\/strong><\/p>\n\n\n\n<p>Dieser Haftungsausschluss ist als Teil des Internetangebotes zu \nbetrachten, von dem aus auf diese Seite verwiesen wurde. Sofern Teile \noder einzelne Formulierungen dieses Textes der geltenden Rechtslage \nnicht, nicht mehr oder nicht vollst\u00e4ndig entsprechen sollten, bleiben \ndie \u00fcbrigen Teile des Dokumentes in ihrem Inhalt und ihrer G\u00fcltigkeit \ndavon unber\u00fchrt.<\/p>\n","protected":false},"excerpt":{"rendered":"<p>Angaben gem\u00e4\u00df \u00a7 5 TMG:Jochen Fr\u00f6melAm Schlosspark 1184109 W\u00f6rth a.d. Isar KontaktTelefon: 08702-9495801Email: info \u00e4t pffs dot de HAFTUNGSAUSSCHLUSS: Inhalt des Onlineangebotes Der Autor \u00fcbernimmt keinerlei Gew\u00e4hr f\u00fcr die Aktualit\u00e4t, Korrektheit, Vollst\u00e4ndigkeit oder Qualit\u00e4t der bereitgestellten Informationen. Haftungsanspr\u00fcche gegen den Autor, welche sich auf Sch\u00e4den materieller oder ideeller Art beziehen, die durch die Nutzung oder &hellip; <\/p>\n<p class=\"link-more\"><a href=\"http:\/\/pffs.de\/?page_id=21\" class=\"more-link\"><span class=\"screen-reader-text\">\u201eImpressum\u201c<\/span> weiterlesen<\/a><\/p>\n","protected":false},"author":1,"featured_media":0,"parent":0,"menu_order":0,"comment_status":"closed","ping_status":"closed","template":"","meta":{"footnotes":""},"yoast_head":"<!-- This site is optimized with the Yoast SEO plugin v23.5 - https:\/\/yoast.com\/wordpress\/plugins\/seo\/ -->\n<title>Impressum - Porsche Freunde Freising<\/title>\n<meta name=\"description\" content=\"Porsche Freunde Freising ein Treffen f\u00fcr alle Freunde klassischer Porsche der Modelle 356 912 911 993\" \/>\n<meta name=\"robots\" content=\"index, follow, max-snippet:-1, max-image-preview:large, max-video-preview:-1\" \/>\n<link rel=\"canonical\" href=\"http:\/\/pffs.de\/?page_id=21\" \/>\n<meta property=\"og:locale\" content=\"de_DE\" \/>\n<meta property=\"og:type\" content=\"article\" \/>\n<meta property=\"og:title\" content=\"Impressum - Porsche Freunde Freising\" \/>\n<meta property=\"og:description\" content=\"Porsche Freunde Freising ein Treffen f\u00fcr alle Freunde klassischer Porsche der Modelle 356 912 911 993\" \/>\n<meta property=\"og:url\" content=\"http:\/\/pffs.de\/?page_id=21\" \/>\n<meta property=\"og:site_name\" content=\"Porsche Freunde Freising\" \/>\n<meta property=\"article:modified_time\" content=\"2022-02-11T15:20:50+00:00\" \/>\n<meta name=\"twitter:card\" content=\"summary_large_image\" \/>\n<meta name=\"twitter:label1\" content=\"Gesch\u00e4tzte Lesezeit\" \/>\n\t<meta name=\"twitter:data1\" content=\"4\u00a0Minuten\" \/>\n<script type=\"application\/ld+json\" class=\"yoast-schema-graph\">{\"@context\":\"https:\/\/schema.org\",\"@graph\":[{\"@type\":\"WebPage\",\"@id\":\"http:\/\/pffs.de\/?page_id=21\",\"url\":\"http:\/\/pffs.de\/?page_id=21\",\"name\":\"Impressum - Porsche Freunde Freising\",\"isPartOf\":{\"@id\":\"http:\/\/pffs.de\/#website\"},\"datePublished\":\"2019-03-12T14:40:49+00:00\",\"dateModified\":\"2022-02-11T15:20:50+00:00\",\"description\":\"Porsche Freunde Freising ein Treffen f\u00fcr alle Freunde klassischer Porsche der Modelle 356 912 911 993\",\"breadcrumb\":{\"@id\":\"http:\/\/pffs.de\/?page_id=21#breadcrumb\"},\"inLanguage\":\"de\",\"potentialAction\":[{\"@type\":\"ReadAction\",\"target\":[\"http:\/\/pffs.de\/?page_id=21\"]}]},{\"@type\":\"BreadcrumbList\",\"@id\":\"http:\/\/pffs.de\/?page_id=21#breadcrumb\",\"itemListElement\":[{\"@type\":\"ListItem\",\"position\":1,\"name\":\"Startseite\",\"item\":\"http:\/\/pffs.de\/\"},{\"@type\":\"ListItem\",\"position\":2,\"name\":\"Impressum\"}]},{\"@type\":\"WebSite\",\"@id\":\"http:\/\/pffs.de\/#website\",\"url\":\"http:\/\/pffs.de\/\",\"name\":\"Porsche Freunde Freising\",\"description\":\"Der Treff f\u00fcr den klassischen Porsche\",\"publisher\":{\"@id\":\"http:\/\/pffs.de\/#organization\"},\"potentialAction\":[{\"@type\":\"SearchAction\",\"target\":{\"@type\":\"EntryPoint\",\"urlTemplate\":\"http:\/\/pffs.de\/?s={search_term_string}\"},\"query-input\":{\"@type\":\"PropertyValueSpecification\",\"valueRequired\":true,\"valueName\":\"search_term_string\"}}],\"inLanguage\":\"de\"},{\"@type\":\"Organization\",\"@id\":\"http:\/\/pffs.de\/#organization\",\"name\":\"Porsche Freunde Freising\",\"url\":\"http:\/\/pffs.de\/\",\"logo\":{\"@type\":\"ImageObject\",\"inLanguage\":\"de\",\"@id\":\"http:\/\/pffs.de\/#\/schema\/logo\/image\/\",\"url\":\"http:\/\/pffs.de\/wp-content\/uploads\/2022\/02\/5D082450-7B00-4A88-BB9C-724D881E38DE.jpeg\",\"contentUrl\":\"http:\/\/pffs.de\/wp-content\/uploads\/2022\/02\/5D082450-7B00-4A88-BB9C-724D881E38DE.jpeg\",\"width\":1170,\"height\":1670,\"caption\":\"Porsche Freunde Freising\"},\"image\":{\"@id\":\"http:\/\/pffs.de\/#\/schema\/logo\/image\/\"}}]}<\/script>\n<!-- \/ Yoast SEO plugin. -->","yoast_head_json":{"title":"Impressum - Porsche Freunde Freising","description":"Porsche Freunde Freising ein Treffen f\u00fcr alle Freunde klassischer Porsche der Modelle 356 912 911 993","robots":{"index":"index","follow":"follow","max-snippet":"max-snippet:-1","max-image-preview":"max-image-preview:large","max-video-preview":"max-video-preview:-1"},"canonical":"http:\/\/pffs.de\/?page_id=21","og_locale":"de_DE","og_type":"article","og_title":"Impressum - Porsche Freunde Freising","og_description":"Porsche Freunde Freising ein Treffen f\u00fcr alle Freunde klassischer Porsche der Modelle 356 912 911 993","og_url":"http:\/\/pffs.de\/?page_id=21","og_site_name":"Porsche Freunde Freising","article_modified_time":"2022-02-11T15:20:50+00:00","twitter_card":"summary_large_image","twitter_misc":{"Gesch\u00e4tzte Lesezeit":"4\u00a0Minuten"},"schema":{"@context":"https:\/\/schema.org","@graph":[{"@type":"WebPage","@id":"http:\/\/pffs.de\/?page_id=21","url":"http:\/\/pffs.de\/?page_id=21","name":"Impressum - Porsche Freunde Freising","isPartOf":{"@id":"http:\/\/pffs.de\/#website"},"datePublished":"2019-03-12T14:40:49+00:00","dateModified":"2022-02-11T15:20:50+00:00","description":"Porsche Freunde Freising ein Treffen f\u00fcr alle Freunde klassischer Porsche der Modelle 356 912 911 993","breadcrumb":{"@id":"http:\/\/pffs.de\/?page_id=21#breadcrumb"},"inLanguage":"de","potentialAction":[{"@type":"ReadAction","target":["http:\/\/pffs.de\/?page_id=21"]}]},{"@type":"BreadcrumbList","@id":"http:\/\/pffs.de\/?page_id=21#breadcrumb","itemListElement":[{"@type":"ListItem","position":1,"name":"Startseite","item":"http:\/\/pffs.de\/"},{"@type":"ListItem","position":2,"name":"Impressum"}]},{"@type":"WebSite","@id":"http:\/\/pffs.de\/#website","url":"http:\/\/pffs.de\/","name":"Porsche Freunde Freising","description":"Der Treff f\u00fcr den klassischen Porsche","publisher":{"@id":"http:\/\/pffs.de\/#organization"},"potentialAction":[{"@type":"SearchAction","target":{"@type":"EntryPoint","urlTemplate":"http:\/\/pffs.de\/?s={search_term_string}"},"query-input":{"@type":"PropertyValueSpecification","valueRequired":true,"valueName":"search_term_string"}}],"inLanguage":"de"},{"@type":"Organization","@id":"http:\/\/pffs.de\/#organization","name":"Porsche Freunde Freising","url":"http:\/\/pffs.de\/","logo":{"@type":"ImageObject","inLanguage":"de","@id":"http:\/\/pffs.de\/#\/schema\/logo\/image\/","url":"http:\/\/pffs.de\/wp-content\/uploads\/2022\/02\/5D082450-7B00-4A88-BB9C-724D881E38DE.jpeg","contentUrl":"http:\/\/pffs.de\/wp-content\/uploads\/2022\/02\/5D082450-7B00-4A88-BB9C-724D881E38DE.jpeg","width":1170,"height":1670,"caption":"Porsche Freunde Freising"},"image":{"@id":"http:\/\/pffs.de\/#\/schema\/logo\/image\/"}}]}},"_links":{"self":[{"href":"http:\/\/pffs.de\/index.php?rest_route=\/wp\/v2\/pages\/21"}],"collection":[{"href":"http:\/\/pffs.de\/index.php?rest_route=\/wp\/v2\/pages"}],"about":[{"href":"http:\/\/pffs.de\/index.php?rest_route=\/wp\/v2\/types\/page"}],"author":[{"embeddable":true,"href":"http:\/\/pffs.de\/index.php?rest_route=\/wp\/v2\/users\/1"}],"replies":[{"embeddable":true,"href":"http:\/\/pffs.de\/index.php?rest_route=%2Fwp%2Fv2%2Fcomments&post=21"}],"version-history":[{"count":4,"href":"http:\/\/pffs.de\/index.php?rest_route=\/wp\/v2\/pages\/21\/revisions"}],"predecessor-version":[{"id":62,"href":"http:\/\/pffs.de\/index.php?rest_route=\/wp\/v2\/pages\/21\/revisions\/62"}],"wp:attachment":[{"href":"http:\/\/pffs.de\/index.php?rest_route=%2Fwp%2Fv2%2Fmedia&parent=21"}],"curies":[{"name":"wp","href":"https:\/\/api.w.org\/{rel}","templated":true}]}}